{"id":47849,"date":"2018-03-14T11:43:03","date_gmt":"2018-03-14T09:43:03","guid":{"rendered":"https:\/\/defencefund.wpengine.com\/?page_id=47849"},"modified":"2020-02-10T13:16:05","modified_gmt":"2020-02-10T11:16:05","slug":"integritetspolicy","status":"publish","type":"page","link":"https:\/\/globalsecurityfund.com\/en\/integritetspolicy\/","title":{"rendered":"Privacy Policy\u200b"},"content":{"rendered":"\t\t<div data-elementor-type=\"wp-post\" data-elementor-id=\"47849\" class=\"elementor elementor-47849\" data-elementor-post-type=\"page\">\n\t\t\t\t\t\t<section class=\"elementor-section elementor-top-section elementor-element elementor-element-653a6a31 elementor-section-boxed elementor-section-height-default elementor-section-height-default\" data-id=\"653a6a31\" data-element_type=\"section\" data-e-type=\"section\">\n\t\t\t\t\t\t<div class=\"elementor-container elementor-column-gap-default\">\n\t\t\t\t\t<div class=\"elementor-column elementor-col-100 elementor-top-column elementor-element elementor-element-51f56205\" data-id=\"51f56205\" data-element_type=\"column\" data-e-type=\"column\">\n\t\t\t<div class=\"elementor-widget-wrap elementor-element-populated\">\n\t\t\t\t\t\t<div class=\"elementor-element elementor-element-fec4004 elementor-widget elementor-widget-heading\" data-id=\"fec4004\" data-element_type=\"widget\" data-e-type=\"widget\" data-widget_type=\"heading.default\">\n\t\t\t\t<div class=\"elementor-widget-container\">\n\t\t\t\t\t<h1 class=\"elementor-heading-title elementor-size-default\">Integritetspolicy<\/h1>\t\t\t\t<\/div>\n\t\t\t\t<\/div>\n\t\t\t\t<div class=\"elementor-element elementor-element-7bb47f90 elementor-widget elementor-widget-text-editor\" data-id=\"7bb47f90\" data-element_type=\"widget\" data-e-type=\"widget\" data-widget_type=\"text-editor.default\">\n\t\t\t\t<div class=\"elementor-widget-container\">\n\t\t\t\t\t\t\t\t\t<h1>Allm\u00e4nt<\/h1><p>Denna policy avseende integritet och marknadsf\u00f6ring (\u201dIntegritetspolicy\u201d) g\u00e4ller hela Infra Group Nordic koncernen och beskriver hur dess ing\u00e5ende bolag samlar in, anv\u00e4nder, l\u00e4mnar ut och lagrar dina personuppgifter.<\/p><p>I Infra Group Nordic koncernen ing\u00e5r f\u00f6ljande bolag:<\/p><ul><li>Infra Group Nordic AB, org. nr 559014-6501 (moderbolag),<\/li><li>Infra Group Nordic Investments AB, org.nr 556299-9788,<\/li><li>Infra Group Nordic El- och Teleteknik AB, org.nr 559047-0463,<\/li><li>Infra Group Nordic Products &amp; Systems AB, org.nr 559020-6172,<\/li><li>Defcon Solutions AB, org.nr 556994-2682<\/li><\/ul><p>Fortsatt kommer ovanst\u00e5ende bolag kallas (\u201dInfra Group\u201d, \u201dvi\u201d) i denna policy.<\/p><p>Bolagens adress \u00e4r:<br \/>Bolagsnamn (exempelvis Infra Group Nordic AB)<br \/>J\u00e4rngatan 14<br \/>195 72 Rosersberg<\/p><p>e-mail:\u00a0<a href=\"mailto:dataprivacy@infragroupnordic.com\">dataprivacy@infragroupnordic.com<\/a><\/p><p>Integritetspolicyn g\u00e4ller d\u00e5 Infra Group tillhandah\u00e5ller tj\u00e4nster och produkter i anslutning till k\u00f6p, service\u00e4renden och \u00f6vrig kontakt med Infra Group, s\u00e5som bes\u00f6k p\u00e5 webbplats. Integritetspolicyn g\u00e4ller \u00e4ven den behandling av personuppgifter som g\u00f6rs inom ramen f\u00f6r innehav av s\u00e5 kallat Infra Group-konto (\u201d<strong>Kontoinnehavare<\/strong>\u201d).<\/p><p>Du ska alltid kunna k\u00e4nna dig trygg n\u00e4r du l\u00e4mnar dina personuppgifter till oss. Vi vill med denna Integritetspolicy visa hur vi s\u00e4kerst\u00e4ller att dina personuppgifter behandlas i enlighet med g\u00e4llande personuppgiftslagstiftning.<\/p><h1>Personuppgiftsansvarig<\/h1><p>Respektive bolag \u00e4r personuppgiftsansvarig f\u00f6r bolagets behandling av dina personuppgifter och ansvarar f\u00f6r att s\u00e5dan behandling sker i enlighet med till\u00e4mplig lagstiftning. Bolaget \u00e4r \u00e4ven personuppgiftsansvarig f\u00f6r behandlingen av personuppgifter inom ramen f\u00f6r innehav av Infra Group-konto i de fall detta erbjuds av respektive bolag.<\/p><h1>N\u00e4r behandlar vi dina personuppgifter?<\/h1><p>F\u00f6r att du ska kunna bes\u00f6ka v\u00e5r webbplats, k\u00f6pa v\u00e5ra varor eller tj\u00e4nster eller kontakta oss f\u00f6r service eller information m\u00e5ste vi samla in och behandla personuppgifter om dig.<\/p><p>Infra Group samlar in och behandlar personuppgifter om dig n\u00e4r du genomf\u00f6r ett k\u00f6p p\u00e5 Infra Groups webbplats, anv\u00e4nder dig av Infra Group support, bes\u00f6ker Infra Groups webbplats eller ett event som Infra Group anordnar eller n\u00e4r du p\u00e5 annat s\u00e4tt har kontakt med Infra Group. Informationen som samlas in fr\u00e5n dig vid bokningar och k\u00f6p kr\u00e4vs f\u00f6r att du ska kunna ing\u00e5 avtal med Infra Group och f\u00f6r att Infra Group ska kunna tillhandah\u00e5lla sina tj\u00e4nster och erbjudanden.<\/p><p>Om du \u00e4r Kontoinnehavare samlar Infra Group in personuppgifter om dig som du l\u00e4mnar vid din registrering av kontoinnehav. Infra Group samlar \u00e4ven in uppgifter om dig under tiden du \u00e4r Kontoinnehavare inom ramen f\u00f6r ditt kontoinnehav, s\u00e5som din ink\u00f6pshistorik, hur du interagerar med Infra Groups webbplats, vilka erbjudanden du varit intresserad av genom att l\u00e4sa ett mail eller klicka p\u00e5 en l\u00e4nk. Infra Group behandlar \u00e4ven uppgifter som Infra Group fr\u00e5n tid till annan ges tillg\u00e5ng till genom ditt Infra Group-konto. Som Kontoinnehavare kan du n\u00e4r som helst uppdatera dina uppgifter genom att g\u00e5 in p\u00e5 \u201dMina sidor\u201d.<\/p><p>Vi samlar \u00e4ven in och uppdaterar dina adressuppgifter via tredje parts tj\u00e4nster f\u00f6r adressuppdatering och kreditkontroll.<\/p><h1>Vilka personuppgifter behandlar vi om dig?<\/h1><p><strong>4.1 F\u00f6r dig som \u00e4r kund till Infra Group<\/strong><\/p><p>De personuppgifter Infra Group samlar in och behandlar om dig i egenskap av kund som genomf\u00f6r k\u00f6p och anv\u00e4nder v\u00e5ra supporttj\u00e4nster \u00e4r:<\/p><ul><li>Namn och identifikationsnummer (personnummer, nationellt id eller organisationsnummer)<\/li><li>Adress<\/li><li>Telefonnummer och e-post<\/li><li>Betalningsuppgifter<\/li><li>Kundnummer<\/li><li>Kreditv\u00e4rdighet (rating och betalningsanm\u00e4rkningar) via UC eller liknande tj\u00e4nsteleverant\u00f6r.<\/li><li>IP-adress och information om din anv\u00e4ndning av Infra Groups webbplats<\/li><li>Information om vilka av v\u00e5ra varor eller erbjudanden du varit intresserad av, hur du interagerar med v\u00e5ra nyhetsbrev och vilka av v\u00e5ra event du anm\u00e4lt dig till<\/li><\/ul><p><strong>4.2 F\u00f6r dig som \u00e4r Kontoinnehavare<\/strong><\/p><p>De personuppgifter Infra Group samlar in och behandlar om dig som \u00e4r Kontoinnehavare \u00e4r:<\/p><ul><li>Namn och identifikationsnummer (personnummer, nationellt id eller organisationsnummer)<\/li><li>Adress<\/li><li>Telefonnummer och e-post<\/li><li>Betalningsuppgifter<\/li><li>Kreditv\u00e4rdighet (rating och betalningsanm\u00e4rkningar) via UC eller liknande tj\u00e4nsteleverant\u00f6r.<\/li><li>Kontoinformation<\/li><li>IP-adress och information om din anv\u00e4ndning av Infra Groups webbplats<\/li><li>Information om vilka av v\u00e5ra varor eller erbjudanden du varit intresserad av, hur du interagerar med v\u00e5ra nyhetsbrev och vilka av v\u00e5ra event du anm\u00e4lt dig till<\/li><li>Uppgifter om dina ink\u00f6p<\/li><li>Information om ditt kontoinnehav<\/li><li>Titel och attestr\u00e4ttighet<\/li><li>Uppgifter om dina ink\u00f6p<\/li><li>Information om ditt kontoinnehav<\/li><\/ul><h1>Varf\u00f6r behandlar vi uppgifter om dig?<\/h1><p><strong>5.1 F\u00f6r dig som \u00e4r kund till Infra Group<\/strong><\/p><p>Infra Group behandlar dina personuppgifter f\u00f6r olika \u00e4ndam\u00e5l. Huvudsakligen behandlar Infra Group dina personuppgifter i syfte att:<\/p><ul><li>Fullg\u00f6ra v\u00e5ra f\u00f6rpliktelser gentemot dig som kund, s\u00e5som genomf\u00f6rande av k\u00f6p, fakturering och tillhandah\u00e5llande av support;<\/li><li>M\u00f6jligg\u00f6ra allm\u00e4n kundv\u00e5rd och kundservice, som f\u00f6r att besvara fr\u00e5gor och r\u00e4tta felaktiga uppgifter;<\/li><li>L\u00e4mna information och rikta marknadsf\u00f6ring, per post, e-post, SMS\/MMS samt telefon avseende Infra Groups och utvalda samarbetspartners varor och tj\u00e4nster;<\/li><li>Hantera kundf\u00f6rh\u00e5llandet och tillhandah\u00e5lla v\u00e5ra tj\u00e4nster;<\/li><li>Ge dig relevant information och anpassade erbjudanden i nyhetsbrev samt p\u00e5 webben;<\/li><li>Bed\u00f6ma vilka betalningsmetoder vi kan erbjuda dig, till exempel genom kreditbed\u00f6mningar;<\/li><li>F\u00f6rb\u00e4ttra v\u00e5rt kunderbjudande, till exempel utveckling av tj\u00e4nster, produkter och funktioner;<\/li><li>F\u00f6rhindra bedr\u00e4gerier och utf\u00f6ra riskhantering; samt<\/li><li>F\u00f6lja till\u00e4mplig lagstiftning, till exempel bokf\u00f6ringslagar.<\/li><\/ul><p>Uppgifterna kan \u00e4ven utg\u00f6ra underlag f\u00f6r marknads- och kundanalyser, marknadsunders\u00f6kningar, statistik, aff\u00e4rsuppf\u00f6ljning samt aff\u00e4rs- och metodutveckling relaterat till k\u00f6p av varor och tj\u00e4nster.<\/p><p><strong>5.2 F\u00f6r dig som \u00e4r Kontoinnehavare<\/strong><\/p><p>Ut\u00f6ver uppr\u00e4kningen ovan behandlar Infra Group personuppgifter om Kontoinnehavare \u00e4ven i syfte att:<\/p><ul><li>Administrera kontoinnehavet;<\/li><li>Ge dig m\u00f6jlighet att anv\u00e4nda Kontoinnehavets f\u00f6rdelar s\u00e5som m\u00f6jlighet att spara favoriter, f\u00f6rifyllda uppgifter, fler betalningsalternativ, smidigare hantering av \u00e4renden och reklamationer och m\u00f6jlighet att hantera flera adresser;<\/li><li>Tillhandah\u00e5lla specialerbjudanden;<\/li><li>M\u00f6jligg\u00f6ra kommunikation med dig som Kontoinnehavare via post, e-post, telefon eller SMS\/MMS; samt<\/li><li>M\u00f6jligg\u00f6ra personliga erbjudanden, marknadsf\u00f6ring och eventinbjudningar via telefon, post, e-post samt SMS\/MMS.<\/li><\/ul><h1>De lagliga grunderna f\u00f6r v\u00e5r behandling av dina personuppgifter<\/h1><p>Infra Group baserar behandlingen av dina personuppgifter p\u00e5 ett antal lagliga grunder. Dessa beskrivs i det h\u00e4r avsnittet.<\/p><p>Vi behandlar bland annat dina personuppgifter f\u00f6r att kunna fullg\u00f6ra avtalet med dig som kund eller som Kontoinnehavare, s\u00e5 som f\u00f6r att genomf\u00f6ra bokningar, k\u00f6p och f\u00f6r att kunna fullg\u00f6ra v\u00e5ra \u00e5taganden gentemot dig som Kontoinnehavarare, s\u00e5som f\u00f6renklad administration och orderhistorik. Med st\u00f6d av denna lagliga grund behandlar vi \u00e4ven uppgifter om dig som Kontoinnehavare, s\u00e5som dina ink\u00f6p, ditt beteende p\u00e5 v\u00e5r hemsida, din interaktion med Infra Group samt ditt intresse av v\u00e5ra erbjudanden och produkter f\u00f6r att kunna fullg\u00f6ra v\u00e5rt \u00e5tagande att tillhandah\u00e5lla dig personliga erbjudanden.<\/p><p>En del av den behandling av personuppgifter som vi utf\u00f6r baserar sig p\u00e5 en s\u00e5 kallad intresseavv\u00e4gning. Detta g\u00e4ller exempelvis den behandling vi utf\u00f6r f\u00f6r att kunna skicka erbjudanden till dig om v\u00e5ra varor och tj\u00e4nster samt f\u00f6r att g\u00f6ra en begr\u00e4nsad segmentering av kunder, t.ex. baserat p\u00e5 totala ink\u00f6pssummor. Infra Group behandlar inte k\u00e4nsliga personuppgifter med st\u00f6d av en intresseavv\u00e4gning och utf\u00f6r ingen behandling som utg\u00f6r profilering med st\u00f6d av en intresseavv\u00e4gning.<\/p><p>I vissa fall kan Infra Group ha en r\u00e4ttslig f\u00f6rpliktelse att behandla dina personuppgifter. Detta g\u00e4ller till exempel f\u00f6r den behandling av personuppgifter som vi utf\u00f6r f\u00f6r att kunna uppfylla bokf\u00f6ringslagens krav.<\/p><h1>Sammanst\u00e4llning av v\u00e5r personuppgiftsbehandling<\/h1><table width=\"617\"><thead><tr><td>\u00c4ndam\u00e5l<\/td><td>R\u00e4ttslig grund<\/td><td>Kategorier av personuppgifter<\/td><td>Lagringstid<\/td><\/tr><\/thead><tbody><tr><td>F\u00f6r att administrera, utveckla och leverera v\u00e5ra varor och tj\u00e4nster samt tillhandah\u00e5lla support och garantier p\u00e5 produkter och utf\u00f6rt arbete.<\/td><td><p>Fullf\u00f6ljande av avtal om k\u00f6p (f\u00f6rs\u00e4ljningsvillkor)<\/p><\/td><td><ul><li>Namn, adress, telefonnummer samt e-post<\/li><li>Geografisk information<\/li><li>IP-adress, enhetsinformation, logginformation<\/li><\/ul><\/td><td><p>Fem \u00e5r efter att du senast varit aktiv hos Infra Group, till exempel genom att handla hos oss eller kontakta v\u00e5r kundtj\u00e4nst eller s\u00e5 l\u00e4nge vi \u00e4r skyldiga att lagra uppgifterna f\u00f6r att kunna tillhandah\u00e5lla specifika produkt och tj\u00e4nstegarantier.<\/p><\/td><\/tr><tr><td>F\u00f6r att f\u00f6rs\u00e4kra oss om att lagkrav efterlevs, s\u00e5som bokf\u00f6ringslagen<\/td><td>R\u00e4ttslig f\u00f6rpliktelse<\/td><td><ul><li>Namn, adress, telefonnummer samt e-post<\/li><li>Geografisk information<\/li><li>IP-adress, enhetsinformation, logginformation<\/li><\/ul><\/td><td><p>S\u00e5 l\u00e4nge vi \u00e4r skyldiga att lagra uppgifterna enligt till\u00e4mplig lag<\/p><\/td><\/tr><tr><td>F\u00f6r att marknadsf\u00f6ra Infra Group och v\u00e5ra samarbetspartners eller koncernbolags varor och tj\u00e4nster genom post, e-post, telefon och SMS\/MMS<\/td><td>Intresseavv\u00e4gning<\/td><td><ul><li>Namn, adress, telefonnummer samt e-post<\/li><li>Geografisk information<\/li><li>IP-adress, enhetsinformation, logginformation<\/li><\/ul><\/td><td><p>Fem \u00e5r efter att du senast varit aktiv hos Infra Group, till exempel genom att handla hos oss eller kontakta v\u00e5r kundtj\u00e4nst<\/p><\/td><\/tr><tr><td>F\u00f6r att administrera ditt kontoinnehav, ge dig m\u00f6jlighet att f\u00e5 individanpassade erbjudanden samt m\u00f6jligg\u00f6ra riktad kommunikation via post, e-post, telefon eller SMS\/MMS<\/td><td>Fullf\u00f6ljande av avtal om Infra Group-konto<\/td><td><ul><li style=\"list-style-type: none;\"><ul><li>Namn, adress, telefonnummer samt e-post<\/li><li>Geografisk information<\/li><li>IP-adress, enhetsinformation, logginformation Betalningsuppgifter<\/li><li>Kundnummer<\/li><li>Information om hur du anv\u00e4nder v\u00e5r webb, om vilka av v\u00e5ra erbjudanden du varit intresserad av, vilka av v\u00e5ra nyhetsbrev du interagerat med och vilka av v\u00e5ra event du anm\u00e4lt dig till<\/li><li>Uppgifter om dina ink\u00f6p<\/li><li>Information om ditt kontoinnehav<\/li><\/ul><\/li><\/ul><\/td><td>S\u00e5 l\u00e4nge du har ett Infra Group-konto<\/td><\/tr><\/tbody><\/table><h1>Profilering<\/h1><p>Infra Group kan behandla dina personuppgifter genom profilering om du \u00e4r Kontoinnehavare. Om du \u00e4r Kontoinnehavare analyseras information om hur du anv\u00e4nder v\u00e5r webb, om vilka av v\u00e5ra varor, tj\u00e4nster och erbjudanden du varit intresserad av, vilka av v\u00e5ra nyhetsbrev du interagerat med och vilka av v\u00e5ra event du anm\u00e4lt dig till, uppgifter om dina ink\u00f6p och information om ditt kontoinnehav f\u00f6r att tillhandah\u00e5lla dig erbjudanden som vi tror passar dig och f\u00f6r att bjuda in dig till event vi tror att du skulle vilja g\u00e5 p\u00e5.<\/p><p>Du kan n\u00e4rsomhelst inv\u00e4nda mot behandling av personuppgifter genom profilering. Detta g\u00f6r du genom att ringa Infra Groups kundtj\u00e4nst eller genom att kontakta\u00a0<a href=\"mailto:dataprivacy@infragroupnordic.com\">dataprivacy@infragroupnordic.com<\/a>. Ing\u00e5ngsv\u00e4garna f\u00f6r kontakt g\u00e4ller oavsett vilket bolag \u00e4rendet avser. N\u00e4r Infra Group har mottagit din anm\u00e4lan kommer Infra Group att upph\u00f6ra med att behandla dina personuppgifter f\u00f6r detta \u00e4ndam\u00e5l.<\/p><h1>Hur l\u00e4nge sparar vi uppgifter om dig?<\/h1><p>Dina personuppgifter sparas endast s\u00e5 l\u00e4nge som det finns ett behov av att spara dem f\u00f6r att fullg\u00f6ra de \u00e4ndam\u00e5l som uppgifterna samlades in f\u00f6r i enlighet med denna Integritetspolicy. Infra Group kan komma att spara uppgifterna l\u00e4ngre om det beh\u00f6vs f\u00f6r att f\u00f6lja lagkrav eller f\u00f6r att bevaka Infra Groups r\u00e4ttsliga intressen, t.ex. om det p\u00e5g\u00e5r en juridisk process. I vissa fall kr\u00e4vs det att Infra Group sparar uppgifterna l\u00e4ngre f\u00f6r att kunna uppfylla specifika produkt- och tj\u00e4nstegarantier.<\/p><p>Infra Group sparar uppgifter om kunder i h\u00f6gst fem \u00e5r efter det att kunden senast genomf\u00f6rt ett k\u00f6p eller p\u00e5 annat s\u00e4tt integrerat med Infra Group.<\/p><p>Infra Group sparar uppgifter om Kontoinnehavare s\u00e5 l\u00e4nge Kontoinnehavaren har ett Infra Groupkonto.<\/p><h1>Vem l\u00e4mnar vi ut personuppgifter till?<\/h1><p>Infra Group kan komma att l\u00e4mna ut dina uppgifter till tredje part, s\u00e5som till Infra Groups koncernbolag och andra samarbetspartners samt leverant\u00f6rer av kort- och kommunikationstj\u00e4nster. Infra Group kan \u00e4ven komma att l\u00e4mna ut dina uppgifter till f\u00f6retag som tillhandah\u00e5ller tj\u00e4nster f\u00f6r adressuppdateringar f\u00f6r att s\u00e4kerst\u00e4lla att vi har r\u00e4tt adressuppgifter till dig samt till f\u00f6retag som tillhandah\u00e5ller tj\u00e4nster f\u00f6r att vi ska kunna bed\u00f6ma vilka betalningsmetoder vi kan erbjuda dig, till exempel tj\u00e4nster i form av kreditbed\u00f6mningar.<\/p><p>Tredje part som Infra Group l\u00e4mnar ut information till eller p\u00e5 annat s\u00e4tt tillhandah\u00e5ller information om en kund eller Kontoinnehavare f\u00e5r endast anv\u00e4nda informationen i syfte att s\u00e4lja och marknadsf\u00f6ra Infra Groups och Infra Groups samarbetspartners och koncernbolags tj\u00e4nster och produkter eller i syfte att leverera tj\u00e4nster med anknytning till Infra Groups avtal med dig som kund eller Kontoinnehavare. Om du ans\u00f6ker om en kredit vid k\u00f6p av en vara eller tj\u00e4nst kan dina uppgifter komma att l\u00e4mnas ut till kreditupplysningsf\u00f6retag.<\/p><p>Personuppgifter kan vidare komma att l\u00e4mnas ut av Infra Group om det \u00e4r n\u00f6dv\u00e4ndigt f\u00f6r att f\u00f6lja g\u00e4llande lagkrav eller krav fr\u00e5n myndigheter, f\u00f6r att tillvarata Infra Groups r\u00e4ttsliga intressen eller f\u00f6r att uppt\u00e4cka, f\u00f6rebygga eller uppm\u00e4rksamma bedr\u00e4gerier och andra s\u00e4kerhets- eller tekniska problem.<\/p><p>Infra Group kan komma att \u00f6verf\u00f6ra dina personuppgifter till land utanf\u00f6r EU\/EES, om n\u00e5gon av Infra Groups leverant\u00f6rer eller samarbetspartners befinner sig d\u00e4r. Om personuppgifter \u00f6verf\u00f6rs till n\u00e5got land utanf\u00f6r EU\/EES, kommer Infra Group vidta \u00e5tg\u00e4rder f\u00f6r att se till att personuppgifterna forts\u00e4tter vara skyddade och \u00e4ven vidta de \u00e5tg\u00e4rder som kr\u00e4vs f\u00f6r att p\u00e5 lagligt s\u00e4tt \u00f6verf\u00f6ra personuppgifter till l\u00e4nder utanf\u00f6r EU\/EES.<\/p><p>Vi kommer inte att s\u00e4lja dina personuppgifter till tredje part om vi inte har ditt tillst\u00e5nd till det.<\/p><h1>\u00c4ndring av integritetspolicy<\/h1><p>Infra Group har r\u00e4tt att n\u00e4r som helst \u00e4ndra Integritetspolicyn. Infra Group kommer att med rimligt varsel i m\u00f6jligaste m\u00e5n underr\u00e4tta dig vid \u00e4ndringar av Integritetspolicyn. Om du inte godtar \u00e4ndringarna har du r\u00e4tt att s\u00e4ga upp avtalet med Infra Group innan den \u00e4ndrade Integritetspolicyn tr\u00e4der ikraft. Du s\u00e4ger upp avtalet genom att kontakta Infra Group, eller, om du \u00e4r Kontoinnehavare, genom att v\u00e4lja [avsluta konto] p\u00e5 \u201dMina sidor\u201d.<\/p><h1>Skyddet av dina personuppgifter<\/h1><p>Du ska alltid kunna k\u00e4nna dig trygg n\u00e4r du l\u00e4mnar dina personuppgifter till oss. Infra Group har d\u00e4rf\u00f6r vidtagit de s\u00e4kerhets\u00e5tg\u00e4rder som beh\u00f6vs f\u00f6r att skydda dina personuppgifter mot otillb\u00f6rlig \u00e5tkomst, f\u00f6r\u00e4ndring och radering. Exempelvis sparas alla uppgifter om kunder samt Kontoinnehavare i en databas som \u00e4r skyddad genom beh\u00f6righetsstyrning och brandv\u00e4gg.<\/p><h1>Dina r\u00e4ttigheter<\/h1><p>Infra Group ansvarar f\u00f6r att dina personuppgifter behandlas i enlighet med g\u00e4llande lagstiftning.<\/p><p>Infra Group kommer p\u00e5 din beg\u00e4ran eller p\u00e5 eget initiativ att r\u00e4tta, avidentifiera, radera eller komplettera uppgifter som uppt\u00e4cks vara felaktiga, ofullst\u00e4ndiga eller missvisande.<\/p><p>Du har r\u00e4tt att av beg\u00e4ra<\/p><ol><li>Tillg\u00e5ng till dina personuppgifter. Det inneb\u00e4r att du har r\u00e4tt att beg\u00e4ra ett registerutdrag \u00f6ver den behandling som vi genomf\u00f6r avseende dina personuppgifter. Du har \u00e4ven r\u00e4tt att f\u00e5 en kopia av de personuppgifter som behandlas. Du har r\u00e4tt att en g\u00e5ng per kalender\u00e5r, genom en skriftligt undertecknad ans\u00f6kan, kostnadsfritt erh\u00e5lla ett registerutdrag fr\u00e5n om vilka personuppgifter som finns registrerade om dig, \u00e4ndam\u00e5len med behandlingen och till vilka mottagare uppgifterna har l\u00e4mnats eller ska l\u00e4mnas ut. Du har \u00e4ven r\u00e4tt att i registerutdraget f\u00e5 information om var uppgifterna har h\u00e4mtats ifr\u00e5n om personuppgifterna inte har samlats in fr\u00e5n dig, f\u00f6rekomsten av automatiserat beslutsfattande (inklusive profilering) samt den f\u00f6rutsedda period under vilken uppgifterna kommer att lagras eller kriterierna som anv\u00e4nds f\u00f6r att fastst\u00e4lla denna period. Du har vidare r\u00e4tt att i registerutdraget f\u00e5 information om dina \u00f6vriga r\u00e4ttigheter som anges i denna punkt.<\/li><li>R\u00e4ttelse av dina personuppgifter. Vi kommer p\u00e5 din beg\u00e4ran att s\u00e5 snabbt som m\u00f6jligt r\u00e4tta de felaktiga eller ofullst\u00e4ndiga uppgifter vi behandlar om dig.<\/li><li>Radering av dina personuppgifter. Det inneb\u00e4r att du har r\u00e4tt att beg\u00e4ra att dina personuppgifter tas bort om de inte l\u00e4ngre \u00e4r n\u00f6dv\u00e4ndiga f\u00f6r det \u00e4ndam\u00e5l de samlades in f\u00f6r. Det kan dock finnas lagkrav p\u00e5 att vi inte omedelbart f\u00e5r radera dina personuppgifter i exempelvis bokf\u00f6rings- och skattelagstiftning. Vi kommer d\u00e5 att avsluta den behandling som g\u00f6rs f\u00f6r andra \u00e4ndam\u00e5l \u00e4n att f\u00f6lja lagstiftningen.<\/li><li>Begr\u00e4nsning av behandling. Det inneb\u00e4r att dina personuppgifter markeras s\u00e5 att de endast f\u00e5r behandlas f\u00f6r vissa avgr\u00e4nsade \u00e4ndam\u00e5l. Du kan bland annat beg\u00e4ra begr\u00e4nsning n\u00e4r du anser att dina uppgifter \u00e4r felaktiga och du har beg\u00e4rt r\u00e4ttelse enligt punkt 12.3 b). Under tiden uppgifternas korrekthet utreds kommer behandlingen av dem att begr\u00e4nsas.<\/li><\/ol><p>Infra Group kommer att underr\u00e4tta varje mottagare till vilken personuppgifterna har l\u00e4mnats ut enligt punkten 10 ovan om eventuella r\u00e4ttelser eller radering av uppgifter samt begr\u00e4nsning av behandling av uppgifter.<\/p><p>Du har r\u00e4tt till dataportabilitet. Det inneb\u00e4r en r\u00e4tt att under vissa f\u00f6ruts\u00e4ttningar f\u00e5 ut och \u00f6verf\u00f6ra dina personuppgifter i ett strukturerat, allm\u00e4nt anv\u00e4nt och maskinl\u00e4sbart format till en annan personuppgiftsansvarig.<\/p><p>Du har r\u00e4tt att inv\u00e4nda mot personuppgiftsbehandling som utf\u00f6rs med st\u00f6d av en intresseavv\u00e4gning. Om du inv\u00e4nder mot s\u00e5dan behandling kommer vi enbart att forts\u00e4tta behandlingen om det finns ber\u00e4ttigade sk\u00e4l till behandlingen som v\u00e4ger tyngre \u00e4n dina intressen.<\/p><p>Om du inte vill att vi behandlar dina personuppgifter f\u00f6r direkt marknadsf\u00f6ring har du alltid r\u00e4tt att inv\u00e4nda mot s\u00e5dan behandling genom att skicka ett mail till\u00a0<a href=\"mailto:dataprivacy@Infragroupnordic.com\">dataprivacy@Infragroupnordic.com<\/a>. N\u00e4r vi har mottagit din inv\u00e4ndning kommer vi att upph\u00f6ra med att behandla personuppgifterna f\u00f6r s\u00e5dant marknadsf\u00f6rings\u00e4ndam\u00e5l.<\/p><p>Du har r\u00e4tt att inge eventuella klagom\u00e5l ang\u00e5ende behandling av dina personuppgifter till Datainspektionen.<\/p><h1>Cookies<\/h1><p>N\u00e4r du bes\u00f6ker v\u00e5r hemsida anv\u00e4nder vi cookies, du hittar mer information om hur vi behandlar cookies i v\u00e5r\u00a0cookiepolicy.<\/p><h1>Kontaktinformation<\/h1><p>Tveka inte att kontakta oss om du har n\u00e5gra fr\u00e5gor om denna Integritetspolicy, behandlingen av dina personuppgifter eller om du vill beg\u00e4ra ett registerutdrag. V\u00e5r kontaktinformation hittar du nedan.<\/p><p>Bolagens adress \u00e4r:<br \/>Bolagsnamn (exempelvis Infra Group Nordic AB)<br \/>J\u00e4rngatan 14<br \/>195 72 Rosersberg<\/p><p>e-mail:\u00a0<a href=\"mailto:dataprivacy@infragroupnordic.com\">dataprivacy@infragroupnordic.com<\/a><\/p>\t\t\t\t\t\t\t\t<\/div>\n\t\t\t\t<\/div>\n\t\t\t\t\t<\/div>\n\t\t<\/div>\n\t\t\t\t\t<\/div>\n\t\t<\/section>\n\t\t\t\t<\/div>\n\t\t","protected":false},"excerpt":{"rendered":"<p>Integritetspolicy Allm\u00e4nt Denna policy avseende integritet och marknadsf\u00f6ring (\u201dIntegritetspolicy\u201d) g\u00e4ller hela Infra Group Nordic koncernen och beskriver hur dess ing\u00e5ende bolag samlar in, anv\u00e4nder, l\u00e4mnar ut och lagrar dina personuppgifter. I Infra Group Nordic koncernen ing\u00e5r f\u00f6ljande bolag: Infra Group Nordic AB, org. nr 559014-6501 (moderbolag), Infra Group Nordic Investments AB, org.nr 556299-9788, Infra Group [&hellip;]<\/p>\n","protected":false},"author":4,"featured_media":0,"parent":0,"menu_order":0,"comment_status":"closed","ping_status":"closed","template":"elementor_header_footer","meta":{"inline_featured_image":false,"footnotes":""},"class_list":["post-47849","page","type-page","status-publish","hentry"],"_links":{"self":[{"href":"https:\/\/globalsecurityfund.com\/en\/wp-json\/wp\/v2\/pages\/47849","targetHints":{"allow":["GET"]}}],"collection":[{"href":"https:\/\/globalsecurityfund.com\/en\/wp-json\/wp\/v2\/pages"}],"about":[{"href":"https:\/\/globalsecurityfund.com\/en\/wp-json\/wp\/v2\/types\/page"}],"author":[{"embeddable":true,"href":"https:\/\/globalsecurityfund.com\/en\/wp-json\/wp\/v2\/users\/4"}],"replies":[{"embeddable":true,"href":"https:\/\/globalsecurityfund.com\/en\/wp-json\/wp\/v2\/comments?post=47849"}],"version-history":[{"count":0,"href":"https:\/\/globalsecurityfund.com\/en\/wp-json\/wp\/v2\/pages\/47849\/revisions"}],"wp:attachment":[{"href":"https:\/\/globalsecurityfund.com\/en\/wp-json\/wp\/v2\/media?parent=47849"}],"curies":[{"name":"wp","href":"https:\/\/api.w.org\/{rel}","templated":true}]}}