{"id":48780,"date":"2018-05-20T22:00:47","date_gmt":"2018-05-20T22:00:47","guid":{"rendered":"https:\/\/defencefund.wpengine.com\/?page_id=48780"},"modified":"2020-04-14T19:15:21","modified_gmt":"2020-04-14T17:15:21","slug":"cookies","status":"publish","type":"page","link":"https:\/\/globalsecurityfund.com\/en\/cookies\/","title":{"rendered":"Cookies"},"content":{"rendered":"<div data-elementor-type=\"wp-post\" data-elementor-id=\"48780\" class=\"elementor elementor-48780\" data-elementor-post-type=\"page\">\n\t\t\t\t\t\t<section class=\"elementor-section elementor-top-section elementor-element elementor-element-3c0efce elementor-section-boxed elementor-section-height-default elementor-section-height-default\" data-id=\"3c0efce\" data-element_type=\"section\" data-e-type=\"section\">\n\t\t\t\t\t\t<div class=\"elementor-container elementor-column-gap-default\">\n\t\t\t\t\t<div class=\"elementor-column elementor-col-100 elementor-top-column elementor-element elementor-element-699bf186\" data-id=\"699bf186\" data-element_type=\"column\" data-e-type=\"column\">\n\t\t\t<div class=\"elementor-widget-wrap elementor-element-populated\">\n\t\t\t\t\t\t<div class=\"elementor-element elementor-element-aa6a355 elementor-widget elementor-widget-heading\" data-id=\"aa6a355\" data-element_type=\"widget\" data-e-type=\"widget\" data-widget_type=\"heading.default\">\n\t\t\t\t<div class=\"elementor-widget-container\">\n\t\t\t\t\t<h1 class=\"elementor-heading-title elementor-size-default\">Our use of cookies<\/h1>\t\t\t\t<\/div>\n\t\t\t\t<\/div>\n\t\t\t\t<div class=\"elementor-element elementor-element-6104721f elementor-widget elementor-widget-text-editor\" data-id=\"6104721f\" data-element_type=\"widget\" data-e-type=\"widget\" data-widget_type=\"text-editor.default\">\n\t\t\t\t<div class=\"elementor-widget-container\">\n\t\t\t\t\t\t\t\t\t<h3>Our use of cookies<\/h3><p>We use cookies, web beacons and similar techniques (collectively called &quot;<b>cookies<\/b>\u201d) To improve your experience with us. We use cookies on our websites and in our services, such as in the customer portal, in our checkout and for our other payment options. Here we explain how we use cookies and what choices you can make regarding our cookies.<\/p><p>Please also see our privacy policy regarding the handling of your personal data.<\/p><h3>What are cookies?<\/h3><p><b>Cookies\u00a0<\/b>are small text files consisting of letters and numbers. These are sent from our or our partners web servers and saved on your device as below. We use different cookies:<\/p><ul type=\"disc\"><li class=\"x_MsoNormal\"><b>session cookies<\/b>\u00a0is a temporary cookie that ends when you close your browser or app.<\/li><li class=\"x_MsoNormal\"><b>Lasting cookies\u00a0<\/b>are cookies that remain on your computer until you delete them or they go out.<\/li><li class=\"x_MsoNormal\"><b>First-party cookies\u00a0<\/b>cookies are set by the site you visit.<\/li><li class=\"x_MsoNormal\"><b>Third-party cookies\u00a0<\/b>cookies are set by a third party page.<\/li><\/ul><p><b>Web beacons\u00a0<\/b>are small transparent graphic images that can be found in emails we send to you.<\/p><p><b>Similar techniques\u00a0<\/b>are techniques that store information in your browser or in your device in a manner similar to cookies and web beacons.<\/p><h3>Why do we use cookies?<\/h3><p>The cookies we use normally improve the services we offer you. Some of our services actually need cookies to work, while others simply exist to make our services more flexible for you. Generally speaking, we categorize our cookies and their use as follows:<\/p><ul type=\"disc\"><li class=\"x_MsoNormal\"><b>Necessary cookies\u00a0<\/b>are absolutely necessary to be able to offer our basic services, eg our customer portal. Our services would not work without these cookies.<\/li><li class=\"x_MsoNormal\"><b>Analysis Cookies\u00a0<\/b>provides comprehensive analytical information regarding your use of our services.<\/li><li class=\"x_MsoNormal\"><b>Functional Cookies<\/b>\u00a0enables us to save settings such as language selection or if we should refill your information or not. Without these types of cookies, we would not be able to tailor our services according to your wishes.<\/li><li class=\"x_MsoNormal\"><b>security Cookies\u00a0<\/b>make our services and your data safe and secure by helping us detect fraud and protect your data. Because this is an essential part of our services, these cookies are necessary.<\/li><\/ul><h3>\u00a0<\/h3><h3>marketing Cookies<\/h3><p>We use marketing cookies to personalize and enhance your experience on our website, in marketing email and in third-party advertising.<\/p><ul type=\"disc\"><li class=\"x_MsoNormal\"><b>Automated marketing<\/b>: Cookies from our marketing automation platform allow us to be more relevant in our communication with you. Based on personal data provided by the user voluntarily, e.g. via form on our website, we use this information to improve the possibility of delivering more relevant information on the website and through ad channels.<\/li><li class=\"x_MsoNormal\"><b>Analysis<\/b>: Analyze cookies collect information on how users interact with our website and give us lessons on overall interaction patterns rather than individual users&#039; behavior. This data helps us improve your experience on the website.<\/li><li class=\"x_MsoNormal\"><b>Advertising<\/b>: Advertising cookies collect information about your activities and shown interest on our website so that we can show you relevant, targeted advertising in third party channels (search engines, social media and ad networks).<\/li><\/ul><h3>How can you control our use of cookies?<\/h3><p>Your browser or device usually allows you to change the settings for the use and scope of cookies. Go to the settings for your browser or device to learn more about adjusting the settings for cookies. You can, for example, choose to block all cookies, only accept first-party cookies, or delete cookies when you shut down your browser.<\/p><p>Keep in mind that some of our services may not work if you block or delete cookies.<\/p>\t\t\t\t\t\t\t\t<\/div>\n\t\t\t\t<\/div>\n\t\t\t\t\t<\/div>\n\t\t<\/div>\n\t\t\t\t\t<\/div>\n\t\t<\/section>\n\t\t\t\t<\/div>","protected":false},"excerpt":{"rendered":"<p>V\u00e5r anv\u00e4ndning av cookies V\u00e5r anv\u00e4ndning av cookies Vi anv\u00e4nder cookies, web beacons och liknande tekniker (gemensamt kallade \u201dcookies\u201d) f\u00f6r att f\u00f6rb\u00e4ttra din upplevelse hos oss. Vi anv\u00e4nder cookies p\u00e5 v\u00e5ra webbplatser och i v\u00e5ra tj\u00e4nster, s\u00e5som i kundportalen, i v\u00e5r checkout och f\u00f6r v\u00e5ra andra betalningsalternativ. H\u00e4r f\u00f6rklarar vi hur vi anv\u00e4nder cookies och [&hellip;]<\/p>\n","protected":false},"author":4,"featured_media":0,"parent":0,"menu_order":0,"comment_status":"closed","ping_status":"closed","template":"elementor_header_footer","meta":{"inline_featured_image":false,"footnotes":""},"class_list":["post-48780","page","type-page","status-publish","hentry"],"_links":{"self":[{"href":"https:\/\/globalsecurityfund.com\/en\/wp-json\/wp\/v2\/pages\/48780","targetHints":{"allow":["GET"]}}],"collection":[{"href":"https:\/\/globalsecurityfund.com\/en\/wp-json\/wp\/v2\/pages"}],"about":[{"href":"https:\/\/globalsecurityfund.com\/en\/wp-json\/wp\/v2\/types\/page"}],"author":[{"embeddable":true,"href":"https:\/\/globalsecurityfund.com\/en\/wp-json\/wp\/v2\/users\/4"}],"replies":[{"embeddable":true,"href":"https:\/\/globalsecurityfund.com\/en\/wp-json\/wp\/v2\/comments?post=48780"}],"version-history":[{"count":0,"href":"https:\/\/globalsecurityfund.com\/en\/wp-json\/wp\/v2\/pages\/48780\/revisions"}],"wp:attachment":[{"href":"https:\/\/globalsecurityfund.com\/en\/wp-json\/wp\/v2\/media?parent=48780"}],"curies":[{"name":"wp","href":"https:\/\/api.w.org\/{rel}","templated":true}]}}