{"id":49693,"date":"2019-05-23T11:43:42","date_gmt":"2019-05-23T09:43:42","guid":{"rendered":"http:\/\/defencefund.wpengine.com\/?page_id=49693"},"modified":"2020-02-10T13:09:28","modified_gmt":"2020-02-10T11:09:28","slug":"forsvar","status":"publish","type":"page","link":"https:\/\/globalsecurityfund.com\/en\/forsvar\/","title":{"rendered":"Defense"},"content":{"rendered":"<div data-elementor-type=\"wp-post\" data-elementor-id=\"49693\" class=\"elementor elementor-49693\" data-elementor-post-type=\"page\">\n\t\t\t\t\t\t<section class=\"elementor-section elementor-top-section elementor-element elementor-element-c6c2be1 elementor-section-boxed elementor-section-height-default elementor-section-height-default\" data-id=\"c6c2be1\" data-element_type=\"section\" data-e-type=\"section\" data-settings=\"{&quot;background_background&quot;:&quot;classic&quot;}\">\n\t\t\t\t\t\t<div class=\"elementor-container elementor-column-gap-default\">\n\t\t\t\t\t<div class=\"elementor-column elementor-col-50 elementor-top-column elementor-element elementor-element-08df048\" data-id=\"08df048\" data-element_type=\"column\" data-e-type=\"column\">\n\t\t\t<div class=\"elementor-widget-wrap elementor-element-populated\">\n\t\t\t\t\t\t<div class=\"elementor-element elementor-element-36305ff elementor-widget elementor-widget-image\" data-id=\"36305ff\" data-element_type=\"widget\" data-e-type=\"widget\" data-widget_type=\"image.default\">\n\t\t\t\t<div class=\"elementor-widget-container\">\n\t\t\t\t\t\t\t\t\t\t\t\t\t\t\t<img fetchpriority=\"high\" decoding=\"async\" width=\"800\" height=\"999\" src=\"https:\/\/globalsecurityfund.com\/wp-content\/uploads\/2019\/04\/conor-luddy-325276-unsplash-820x1024.jpg\" class=\"attachment-large size-large wp-image-49496\" alt=\"\" srcset=\"https:\/\/globalsecurityfund.com\/wp-content\/uploads\/2019\/04\/conor-luddy-325276-unsplash-820x1024.jpg 820w, https:\/\/globalsecurityfund.com\/wp-content\/uploads\/2019\/04\/conor-luddy-325276-unsplash-240x300.jpg 240w, https:\/\/globalsecurityfund.com\/wp-content\/uploads\/2019\/04\/conor-luddy-325276-unsplash-768x960.jpg 768w, https:\/\/globalsecurityfund.com\/wp-content\/uploads\/2019\/04\/conor-luddy-325276-unsplash.jpg 1639w\" sizes=\"(max-width: 800px) 100vw, 800px\" title=\"\">\t\t\t\t\t\t\t\t\t\t\t\t\t\t\t<\/div>\n\t\t\t\t<\/div>\n\t\t\t\t\t<\/div>\n\t\t<\/div>\n\t\t\t\t<div class=\"elementor-column elementor-col-50 elementor-top-column elementor-element elementor-element-c533224\" data-id=\"c533224\" data-element_type=\"column\" data-e-type=\"column\">\n\t\t\t<div class=\"elementor-widget-wrap elementor-element-populated\">\n\t\t\t\t\t\t<div class=\"elementor-element elementor-element-f68b1cd elementor-widget elementor-widget-heading\" data-id=\"f68b1cd\" data-element_type=\"widget\" data-e-type=\"widget\" data-widget_type=\"heading.default\">\n\t\t\t\t<div class=\"elementor-widget-container\">\n\t\t\t\t\t<h1 class=\"elementor-heading-title elementor-size-default\">WHY INVEST IN DEFENSE<\/h1>\t\t\t\t<\/div>\n\t\t\t\t<\/div>\n\t\t\t\t<div class=\"elementor-element elementor-element-0c959d0 elementor-widget elementor-widget-text-editor\" data-id=\"0c959d0\" data-element_type=\"widget\" data-e-type=\"widget\" data-widget_type=\"text-editor.default\">\n\t\t\t\t<div class=\"elementor-widget-container\">\n\t\t\t\t\t\t\t\t\t<p>Due to the strained security policy situation in the world, in 2014 NATO decided that by 2024, all member states should spend at least 2 % of the country&#039;s GDP on their defense. This has led to, and continues to lead to, greatly increased defense funding, which benefits companies that manufacture equipment and offer services in this area. Expenditure on companies in this area is also not dependent on the general state of the economy, which means that an investment in companies in the sector has good prospects of developing well even when other companies are adversely affected by a weaker economy. An investment in the GDS Fund therefore offers risk-spreading properties to a stock portfolio.<\/p><p>Companies in the defense industry are often innovative and are at the forefront of technology. Our methodology with a combination of detailed geopolitical analysis with company analysis is the basis for identifying the companies with the greatest opportunity to succeed.<\/p>\t\t\t\t\t\t\t\t<\/div>\n\t\t\t\t<\/div>\n\t\t\t\t\t<\/div>\n\t\t<\/div>\n\t\t\t\t\t<\/div>\n\t\t<\/section>\n\t\t\t\t<\/div>","protected":false},"excerpt":{"rendered":"<p>VARF\u00d6R INVESTERA I F\u00d6RSVAR P\u00e5 grund av det anstr\u00e4ngda s\u00e4kerhetspolitiska l\u00e4get i v\u00e4rlden beslutade NATO 2014 att alla medlemsl\u00e4nder senast \u00e5r 2024 ska spendera minst 2 % av landets BNP p\u00e5 sitt f\u00f6rsvar. Detta har lett till, och forts\u00e4tter leda till, kraftigt \u00f6kade f\u00f6rsvarsanslag vilket gynnar bolag som tillverkar utrustning och erbjuder tj\u00e4nster inom detta [&hellip;]<\/p>\n","protected":false},"author":5,"featured_media":0,"parent":0,"menu_order":0,"comment_status":"closed","ping_status":"closed","template":"","meta":{"inline_featured_image":false,"footnotes":""},"class_list":["post-49693","page","type-page","status-publish","hentry"],"_links":{"self":[{"href":"https:\/\/globalsecurityfund.com\/en\/wp-json\/wp\/v2\/pages\/49693","targetHints":{"allow":["GET"]}}],"collection":[{"href":"https:\/\/globalsecurityfund.com\/en\/wp-json\/wp\/v2\/pages"}],"about":[{"href":"https:\/\/globalsecurityfund.com\/en\/wp-json\/wp\/v2\/types\/page"}],"author":[{"embeddable":true,"href":"https:\/\/globalsecurityfund.com\/en\/wp-json\/wp\/v2\/users\/5"}],"replies":[{"embeddable":true,"href":"https:\/\/globalsecurityfund.com\/en\/wp-json\/wp\/v2\/comments?post=49693"}],"version-history":[{"count":0,"href":"https:\/\/globalsecurityfund.com\/en\/wp-json\/wp\/v2\/pages\/49693\/revisions"}],"wp:attachment":[{"href":"https:\/\/globalsecurityfund.com\/en\/wp-json\/wp\/v2\/media?parent=49693"}],"curies":[{"name":"wp","href":"https:\/\/api.w.org\/{rel}","templated":true}]}}