{"id":49694,"date":"2019-05-23T11:43:50","date_gmt":"2019-05-23T09:43:50","guid":{"rendered":"http:\/\/defencefund.wpengine.com\/?page_id=49694"},"modified":"2020-02-10T13:11:09","modified_gmt":"2020-02-10T11:11:09","slug":"sakerhet","status":"publish","type":"page","link":"https:\/\/globalsecurityfund.com\/en\/sakerhet\/","title":{"rendered":"Security"},"content":{"rendered":"<div data-elementor-type=\"wp-post\" data-elementor-id=\"49694\" class=\"elementor elementor-49694\" data-elementor-post-type=\"page\">\n\t\t\t\t\t\t<section class=\"elementor-section elementor-top-section elementor-element elementor-element-0c47684 elementor-section-boxed elementor-section-height-default elementor-section-height-default\" data-id=\"0c47684\" data-element_type=\"section\" data-e-type=\"section\" data-settings=\"{&quot;background_background&quot;:&quot;classic&quot;}\">\n\t\t\t\t\t\t<div class=\"elementor-container elementor-column-gap-default\">\n\t\t\t\t\t<div class=\"elementor-column elementor-col-50 elementor-top-column elementor-element elementor-element-90583f6\" data-id=\"90583f6\" data-element_type=\"column\" data-e-type=\"column\">\n\t\t\t<div class=\"elementor-widget-wrap elementor-element-populated\">\n\t\t\t\t\t\t<div class=\"elementor-element elementor-element-e62112f elementor-widget elementor-widget-image\" data-id=\"e62112f\" data-element_type=\"widget\" data-e-type=\"widget\" data-widget_type=\"image.default\">\n\t\t\t\t<div class=\"elementor-widget-container\">\n\t\t\t\t\t\t\t\t\t\t\t\t\t\t\t<img fetchpriority=\"high\" decoding=\"async\" width=\"800\" height=\"534\" src=\"https:\/\/globalsecurityfund.com\/wp-content\/uploads\/2019\/04\/adi-goldstein-1384102-unsplash-1024x684.jpg\" class=\"attachment-large size-large wp-image-49503\" alt=\"\" srcset=\"https:\/\/globalsecurityfund.com\/wp-content\/uploads\/2019\/04\/adi-goldstein-1384102-unsplash-1024x684.jpg 1024w, https:\/\/globalsecurityfund.com\/wp-content\/uploads\/2019\/04\/adi-goldstein-1384102-unsplash-300x200.jpg 300w, https:\/\/globalsecurityfund.com\/wp-content\/uploads\/2019\/04\/adi-goldstein-1384102-unsplash-768x513.jpg 768w, https:\/\/globalsecurityfund.com\/wp-content\/uploads\/2019\/04\/adi-goldstein-1384102-unsplash.jpg 2048w\" sizes=\"(max-width: 800px) 100vw, 800px\" title=\"\">\t\t\t\t\t\t\t\t\t\t\t\t\t\t\t<\/div>\n\t\t\t\t<\/div>\n\t\t\t\t\t<\/div>\n\t\t<\/div>\n\t\t\t\t<div class=\"elementor-column elementor-col-50 elementor-top-column elementor-element elementor-element-6f53ddc\" data-id=\"6f53ddc\" data-element_type=\"column\" data-e-type=\"column\">\n\t\t\t<div class=\"elementor-widget-wrap elementor-element-populated\">\n\t\t\t\t\t\t<div class=\"elementor-element elementor-element-f5ddc99 elementor-widget elementor-widget-heading\" data-id=\"f5ddc99\" data-element_type=\"widget\" data-e-type=\"widget\" data-widget_type=\"heading.default\">\n\t\t\t\t<div class=\"elementor-widget-container\">\n\t\t\t\t\t<h1 class=\"elementor-heading-title elementor-size-default\">WHY INVEST IN SECURITY?<\/h1>\t\t\t\t<\/div>\n\t\t\t\t<\/div>\n\t\t\t\t<div class=\"elementor-element elementor-element-6733d26 elementor-widget elementor-widget-text-editor\" data-id=\"6733d26\" data-element_type=\"widget\" data-e-type=\"widget\" data-widget_type=\"text-editor.default\">\n\t\t\t\t<div class=\"elementor-widget-container\">\n\t\t\t\t\t\t\t\t\t<p>Urbanization and technology are two megatrends that can help explain the growing trend of security. More people in smaller spaces and a rapidly transforming economy against digitization mean that we are more vulnerable than ever before. Businesses and criminals turn to the global economy to do business while the consumer market witnesses extreme growth in the number of units that go and live online.<\/p><p>With an estimated annual annual growth of over 30 per cent, future growth is estimated to be 10 per cent from 2025 onwards. This can be conservative when leading authorities have the total global cost of cybercrime priced at between 4 and 6 percent of global GDP. With attacks on household companies such as Hydro, MAERSK, Sony and Marriott Cybercrime, a by-product of digitization that cannot be eliminated and we see huge opportunities for investors in this area.<\/p><p>\u00a0<\/p>\t\t\t\t\t\t\t\t<\/div>\n\t\t\t\t<\/div>\n\t\t\t\t\t<\/div>\n\t\t<\/div>\n\t\t\t\t\t<\/div>\n\t\t<\/section>\n\t\t\t\t<\/div>","protected":false},"excerpt":{"rendered":"<p>VARF\u00d6R INVESTERA I S\u00c4KERHET? Urbanisering och teknologi \u00e4r tv\u00e5 megatrender som kan hj\u00e4lpa f\u00f6rklara den v\u00e4xande trenden f\u00f6r s\u00e4kerhet. Fler personer i mindre utrymmen och en snabbt omformande ekonomi mot digitalisering inneb\u00e4r att vi \u00e4r mer s\u00e5rbara \u00e4n n\u00e5gonsin tidigare. F\u00f6retagen och brottslingarna v\u00e4nder sig till den globala ekonomin f\u00f6r att g\u00f6ra aff\u00e4rer medan konsumentmarknaden [&hellip;]<\/p>\n","protected":false},"author":5,"featured_media":0,"parent":0,"menu_order":0,"comment_status":"closed","ping_status":"closed","template":"","meta":{"inline_featured_image":false,"footnotes":""},"class_list":["post-49694","page","type-page","status-publish","hentry"],"_links":{"self":[{"href":"https:\/\/globalsecurityfund.com\/en\/wp-json\/wp\/v2\/pages\/49694","targetHints":{"allow":["GET"]}}],"collection":[{"href":"https:\/\/globalsecurityfund.com\/en\/wp-json\/wp\/v2\/pages"}],"about":[{"href":"https:\/\/globalsecurityfund.com\/en\/wp-json\/wp\/v2\/types\/page"}],"author":[{"embeddable":true,"href":"https:\/\/globalsecurityfund.com\/en\/wp-json\/wp\/v2\/users\/5"}],"replies":[{"embeddable":true,"href":"https:\/\/globalsecurityfund.com\/en\/wp-json\/wp\/v2\/comments?post=49694"}],"version-history":[{"count":0,"href":"https:\/\/globalsecurityfund.com\/en\/wp-json\/wp\/v2\/pages\/49694\/revisions"}],"wp:attachment":[{"href":"https:\/\/globalsecurityfund.com\/en\/wp-json\/wp\/v2\/media?parent=49694"}],"curies":[{"name":"wp","href":"https:\/\/api.w.org\/{rel}","templated":true}]}}