{"id":50743,"date":"2020-03-29T22:18:53","date_gmt":"2020-03-29T20:18:53","guid":{"rendered":"https:\/\/globalsecurityfund.com\/?page_id=50743"},"modified":"2020-03-30T16:59:21","modified_gmt":"2020-03-30T14:59:21","slug":"global-security-fund-webinar-april-2020","status":"publish","type":"page","link":"https:\/\/globalsecurityfund.com\/en\/global-security-fund-webinar-april-2020\/","title":{"rendered":"Global Security Fund Webinar April 2020"},"content":{"rendered":"\t\t<div data-elementor-type=\"wp-page\" data-elementor-id=\"50743\" class=\"elementor elementor-50743\" data-elementor-post-type=\"page\">\n\t\t\t\t\t\t<section class=\"elementor-section elementor-top-section elementor-element elementor-element-c0bf6ea elementor-section-height-min-height elementor-section-boxed elementor-section-height-default elementor-section-items-middle\" data-id=\"c0bf6ea\" data-element_type=\"section\" data-e-type=\"section\" data-settings=\"{&quot;background_background&quot;:&quot;classic&quot;,&quot;shape_divider_bottom&quot;:&quot;mountains&quot;}\">\n\t\t\t\t\t\t\t<div class=\"elementor-background-overlay\"><\/div>\n\t\t\t\t\t\t<div class=\"elementor-shape elementor-shape-bottom\" aria-hidden=\"true\" data-negative=\"false\">\n\t\t\t<svg xmlns=\"http:\/\/www.w3.org\/2000\/svg\" viewBox=\"0 0 1000 100\" preserveAspectRatio=\"none\">\n\t<path class=\"elementor-shape-fill\" opacity=\"0.33\" d=\"M473,67.3c-203.9,88.3-263.1-34-320.3,0C66,119.1,0,59.7,0,59.7V0h1000v59.7 c0,0-62.1,26.1-94.9,29.3c-32.8,3.3-62.8-12.3-75.8-22.1C806,49.6,745.3,8.7,694.9,4.7S492.4,59,473,67.3z\"\/>\n\t<path class=\"elementor-shape-fill\" opacity=\"0.66\" d=\"M734,67.3c-45.5,0-77.2-23.2-129.1-39.1c-28.6-8.7-150.3-10.1-254,39.1 s-91.7-34.4-149.2,0C115.7,118.3,0,39.8,0,39.8V0h1000v36.5c0,0-28.2-18.5-92.1-18.5C810.2,18.1,775.7,67.3,734,67.3z\"\/>\n\t<path class=\"elementor-shape-fill\" d=\"M766.1,28.9c-200-57.5-266,65.5-395.1,19.5C242,1.8,242,5.4,184.8,20.6C128,35.8,132.3,44.9,89.9,52.5C28.6,63.7,0,0,0,0 h1000c0,0-9.9,40.9-83.6,48.1S829.6,47,766.1,28.9z\"\/>\n<\/svg>\t\t<\/div>\n\t\t\t\t\t<div class=\"elementor-container elementor-column-gap-default\">\n\t\t\t\t\t<div class=\"elementor-column elementor-col-100 elementor-top-column elementor-element elementor-element-ed9824b\" data-id=\"ed9824b\" data-element_type=\"column\" data-e-type=\"column\">\n\t\t\t<div class=\"elementor-widget-wrap elementor-element-populated\">\n\t\t\t\t\t\t<div class=\"elementor-element elementor-element-61a21f0 elementor-invisible elementor-widget elementor-widget-image\" data-id=\"61a21f0\" data-element_type=\"widget\" data-e-type=\"widget\" data-settings=\"{&quot;_animation&quot;:&quot;fadeIn&quot;}\" data-widget_type=\"image.default\">\n\t\t\t\t<div class=\"elementor-widget-container\">\n\t\t\t\t\t\t\t\t\t\t\t\t\t\t\t<img fetchpriority=\"high\" decoding=\"async\" width=\"300\" height=\"221\" src=\"https:\/\/globalsecurityfund.com\/wp-content\/uploads\/2020\/03\/gsf-logo-white-300x221.png\" class=\"attachment-medium size-medium wp-image-50764\" alt=\"Global Security Fund\" srcset=\"https:\/\/globalsecurityfund.com\/wp-content\/uploads\/2020\/03\/gsf-logo-white-300x221.png 300w, https:\/\/globalsecurityfund.com\/wp-content\/uploads\/2020\/03\/gsf-logo-white.png 516w\" sizes=\"(max-width: 300px) 100vw, 300px\" title=\"\">\t\t\t\t\t\t\t\t\t\t\t\t\t\t\t<\/div>\n\t\t\t\t<\/div>\n\t\t\t\t<div class=\"elementor-element elementor-element-71af9f2 elementor-invisible elementor-widget elementor-widget-heading\" data-id=\"71af9f2\" data-element_type=\"widget\" data-e-type=\"widget\" data-settings=\"{&quot;_animation&quot;:&quot;fadeIn&quot;}\" data-widget_type=\"heading.default\">\n\t\t\t\t<div class=\"elementor-widget-container\">\n\t\t\t\t\t<h1 class=\"elementor-heading-title elementor-size-default\">WEBINAR Torsdag 2 April kl 11:00-11:45<\/h1>\t\t\t\t<\/div>\n\t\t\t\t<\/div>\n\t\t\t\t<div class=\"elementor-element elementor-element-bd4f92a elementor-invisible elementor-widget elementor-widget-heading\" data-id=\"bd4f92a\" data-element_type=\"widget\" data-e-type=\"widget\" data-settings=\"{&quot;_animation&quot;:&quot;fadeIn&quot;}\" data-widget_type=\"heading.default\">\n\t\t\t\t<div class=\"elementor-widget-container\">\n\t\t\t\t\t<h2 class=\"elementor-heading-title elementor-size-default\">S\u00e5 skapar coronakrisen unika investeringsm\u00f6jligheter i s\u00e4kerhetssektorn.<\/h2>\t\t\t\t<\/div>\n\t\t\t\t<\/div>\n\t\t\t\t\t<\/div>\n\t\t<\/div>\n\t\t\t\t\t<\/div>\n\t\t<\/section>\n\t\t\t\t<section class=\"elementor-section elementor-top-section elementor-element elementor-element-a3da03f elementor-reverse-mobile elementor-section-boxed elementor-section-height-default elementor-section-height-default\" data-id=\"a3da03f\" data-element_type=\"section\" data-e-type=\"section\">\n\t\t\t\t\t\t<div class=\"elementor-container elementor-column-gap-default\">\n\t\t\t\t\t<div class=\"elementor-column elementor-col-50 elementor-top-column elementor-element elementor-element-207498e\" data-id=\"207498e\" data-element_type=\"column\" data-e-type=\"column\">\n\t\t\t<div class=\"elementor-widget-wrap elementor-element-populated\">\n\t\t\t\t\t\t<div class=\"elementor-element elementor-element-7f7f791 elementor-widget elementor-widget-text-editor\" data-id=\"7f7f791\" data-element_type=\"widget\" data-e-type=\"widget\" data-widget_type=\"text-editor.default\">\n\t\t\t\t<div class=\"elementor-widget-container\">\n\t\t\t\t\t\t\t\t\t<h4>Coronaviruset har p\u00e5 kort tid lamslagit den globala ekonomin och orsakat dramatiska b\u00f6rsfall. Aktier har s\u00e5lts \u00f6ver hela linjen, obeaktat skillnader i v\u00e4rderingsmultiplar. Det har gjort att aktier inom s\u00e4kerhetssektorn handlats ned till historiskt l\u00e5ga niv\u00e5er, samtidigt som rabatten p\u00e5 dessa s\u00e5 kallade v\u00e4rdeaktier kontra tillv\u00e4xtaktier \u00e4r p\u00e5 fortsatt h\u00f6ga niv\u00e5er. <\/h4><p>Sektorn erbjuder idag en unik investeringsm\u00f6jlighet: l\u00e5ga absoluta och relativa v\u00e4rderingar, stabila och f\u00f6ruts\u00e4gbara int\u00e4kter samt megatrender som talar f\u00f6r fortsatt stora investeringar i s\u00e4kerhet.<\/p><p>I en extrainsatt videokonferens presenterar Tor Sinclair, f\u00f6rvaltare av Global Security Fund, det exceptionella l\u00e4ge som uppst\u00e5tt p\u00e5 marknaden och hur fonden \u00e4r positionerad i denna situation.<\/p><p><strong>Sj\u00e4lva presentationen h\u00e5ller p\u00e5 i ca 30 minuter och sen har ni m\u00f6jlighet att via chatt st\u00e4lla fr\u00e5gor till oss.<\/strong><\/p><p><strong>Vi skickar l\u00e4nk till webinaret dagen innan och ni kan delta med en vanlig webbl\u00e4sare eller via Microsoft Teams.<br \/><\/strong><\/p><p><strong>Vi skickar \u00e4ven ut videon och presentationen efter webinaret om ni anger namn &amp; email nedan.<br \/><\/strong><\/p>\t\t\t\t\t\t\t\t<\/div>\n\t\t\t\t<\/div>\n\t\t\t\t\t<\/div>\n\t\t<\/div>\n\t\t\t\t<div class=\"elementor-column elementor-col-50 elementor-top-column elementor-element elementor-element-11ae47d\" data-id=\"11ae47d\" data-element_type=\"column\" data-e-type=\"column\">\n\t\t\t<div class=\"elementor-widget-wrap elementor-element-populated\">\n\t\t\t\t\t\t<div class=\"elementor-element elementor-element-82d3688 elementor-widget elementor-widget-image\" data-id=\"82d3688\" data-element_type=\"widget\" data-e-type=\"widget\" data-widget_type=\"image.default\">\n\t\t\t\t<div class=\"elementor-widget-container\">\n\t\t\t\t\t\t\t\t\t\t\t\t\t\t\t<img decoding=\"async\" width=\"683\" height=\"1024\" src=\"https:\/\/globalsecurityfund.com\/wp-content\/uploads\/2020\/03\/free-to-use-sounds-1xT5Yz2Am0M-unsplash-683x1024.jpg\" class=\"attachment-large size-large wp-image-50768\" alt=\"Man with mouth protection\" srcset=\"https:\/\/globalsecurityfund.com\/wp-content\/uploads\/2020\/03\/free-to-use-sounds-1xT5Yz2Am0M-unsplash-683x1024.jpg 683w, https:\/\/globalsecurityfund.com\/wp-content\/uploads\/2020\/03\/free-to-use-sounds-1xT5Yz2Am0M-unsplash-200x300.jpg 200w, https:\/\/globalsecurityfund.com\/wp-content\/uploads\/2020\/03\/free-to-use-sounds-1xT5Yz2Am0M-unsplash-768x1152.jpg 768w, https:\/\/globalsecurityfund.com\/wp-content\/uploads\/2020\/03\/free-to-use-sounds-1xT5Yz2Am0M-unsplash-1024x1536.jpg 1024w, https:\/\/globalsecurityfund.com\/wp-content\/uploads\/2020\/03\/free-to-use-sounds-1xT5Yz2Am0M-unsplash-1365x2048.jpg 1365w, https:\/\/globalsecurityfund.com\/wp-content\/uploads\/2020\/03\/free-to-use-sounds-1xT5Yz2Am0M-unsplash-scaled.jpg 1707w\" sizes=\"(max-width: 683px) 100vw, 683px\" title=\"\">\t\t\t\t\t\t\t\t\t\t\t\t\t\t\t<\/div>\n\t\t\t\t<\/div>\n\t\t\t\t\t<\/div>\n\t\t<\/div>\n\t\t\t\t\t<\/div>\n\t\t<\/section>\n\t\t\t\t<section class=\"elementor-section elementor-top-section elementor-element elementor-element-33a921a elementor-section-boxed elementor-section-height-default elementor-section-height-default elementor-invisible\" data-id=\"33a921a\" data-element_type=\"section\" data-e-type=\"section\" data-settings=\"{&quot;background_background&quot;:&quot;classic&quot;,&quot;animation&quot;:&quot;tada&quot;}\">\n\t\t\t\t\t\t\t<div class=\"elementor-background-overlay\"><\/div>\n\t\t\t\t\t\t\t<div class=\"elementor-container elementor-column-gap-default\">\n\t\t\t\t\t<div class=\"elementor-column elementor-col-100 elementor-top-column elementor-element elementor-element-6b588b2\" data-id=\"6b588b2\" data-element_type=\"column\" data-e-type=\"column\">\n\t\t\t<div class=\"elementor-widget-wrap elementor-element-populated\">\n\t\t\t\t\t\t<div class=\"elementor-element elementor-element-677044f elementor-widget elementor-widget-heading\" data-id=\"677044f\" data-element_type=\"widget\" data-e-type=\"widget\" data-widget_type=\"heading.default\">\n\t\t\t\t<div class=\"elementor-widget-container\">\n\t\t\t\t\t<h2 class=\"elementor-heading-title elementor-size-default\">Ja tack, jag vill delta i webinar &amp; f\u00e5 material skickat<\/h2>\t\t\t\t<\/div>\n\t\t\t\t<\/div>\n\t\t\t\t<div class=\"elementor-element elementor-element-89c0bee elementor-button-align-center elementor-widget elementor-widget-form\" data-id=\"89c0bee\" data-element_type=\"widget\" data-e-type=\"widget\" data-settings=\"{&quot;button_width&quot;:&quot;100&quot;,&quot;step_next_label&quot;:&quot;N\\u00e4sta&quot;,&quot;step_previous_label&quot;:&quot;F\\u00f6reg\\u00e5ende&quot;,&quot;step_type&quot;:&quot;number_text&quot;,&quot;step_icon_shape&quot;:&quot;circle&quot;}\" data-widget_type=\"form.default\">\n\t\t\t\t<div class=\"elementor-widget-container\">\n\t\t\t\t\t\t\t<form class=\"elementor-form\" method=\"post\" name=\"Webinar\" aria-label=\"Webinar\">\n\t\t\t<input type=\"hidden\" name=\"post_id\" value=\"50743\"\/>\n\t\t\t<input type=\"hidden\" name=\"form_id\" value=\"89c0bee\"\/>\n\t\t\t<input type=\"hidden\" name=\"referer_title\" value=\"Global Security Fund Webinar April 2020 - Global Security Fund\" \/>\n\n\t\t\t\t\t\t\t<input type=\"hidden\" name=\"queried_id\" value=\"50743\"\/>\n\t\t\t\n\t\t\t<div class=\"elementor-form-fields-wrapper elementor-labels-\">\n\t\t\t\t\t\t\t\t<div class=\"elementor-field-type-text elementor-field-group elementor-column elementor-field-group-firstname elementor-col-33\">\n\t\t\t\t\t\t\t\t\t\t\t\t<label for=\"form-field-firstname\" class=\"elementor-field-label elementor-screen-only\">\n\t\t\t\t\t\t\t\tF\u00f6rnamn\t\t\t\t\t\t\t<\/label>\n\t\t\t\t\t\t\t\t\t\t\t\t\t\t<input size=\"1\" type=\"text\" name=\"form_fields[firstname]\" id=\"form-field-firstname\" class=\"elementor-field elementor-size-sm  elementor-field-textual\" placeholder=\"F\u00f6rnamn\">\n\t\t\t\t\t\t\t\t\t\t\t<\/div>\n\t\t\t\t\t\t\t\t<div class=\"elementor-field-type-text elementor-field-group elementor-column elementor-field-group-lastname elementor-col-33\">\n\t\t\t\t\t\t\t\t\t\t\t\t<label for=\"form-field-lastname\" class=\"elementor-field-label elementor-screen-only\">\n\t\t\t\t\t\t\t\tEfternamn\t\t\t\t\t\t\t<\/label>\n\t\t\t\t\t\t\t\t\t\t\t\t\t\t<input size=\"1\" type=\"text\" name=\"form_fields[lastname]\" id=\"form-field-lastname\" class=\"elementor-field elementor-size-sm  elementor-field-textual\" placeholder=\"Efternamn\">\n\t\t\t\t\t\t\t\t\t\t\t<\/div>\n\t\t\t\t\t\t\t\t<div class=\"elementor-field-type-email elementor-field-group elementor-column elementor-field-group-email elementor-col-33 elementor-field-required\">\n\t\t\t\t\t\t\t\t\t\t\t\t<label for=\"form-field-email\" class=\"elementor-field-label elementor-screen-only\">\n\t\t\t\t\t\t\t\tEmail\t\t\t\t\t\t\t<\/label>\n\t\t\t\t\t\t\t\t\t\t\t\t\t\t<input size=\"1\" type=\"email\" name=\"form_fields[email]\" id=\"form-field-email\" class=\"elementor-field elementor-size-sm  elementor-field-textual\" placeholder=\"email\" required=\"required\">\n\t\t\t\t\t\t\t\t\t\t\t<\/div>\n\t\t\t\t\t\t\t\t<div class=\"elementor-field-group elementor-column elementor-field-type-submit elementor-col-100 e-form__buttons\">\n\t\t\t\t\t<button class=\"elementor-button elementor-size-sm elementor-animation-grow\" type=\"submit\">\n\t\t\t\t\t\t<span class=\"elementor-button-content-wrapper\">\n\t\t\t\t\t\t\t\t\t\t\t\t\t\t\t\t\t\t\t\t\t\t<span class=\"elementor-button-text\">Skicka<\/span>\n\t\t\t\t\t\t\t\t\t\t\t\t\t<\/span>\n\t\t\t\t\t<\/button>\n\t\t\t\t<\/div>\n\t\t\t<\/div>\n\t\t<\/form>\n\t\t\t\t\t\t<\/div>\n\t\t\t\t<\/div>\n\t\t\t\t\t<\/div>\n\t\t<\/div>\n\t\t\t\t\t<\/div>\n\t\t<\/section>\n\t\t\t\t<\/div>\n\t\t","protected":false},"excerpt":{"rendered":"<p>WEBINAR Torsdag 2 April kl 11:00-11:45 S\u00e5 skapar coronakrisen unika investeringsm\u00f6jligheter i s\u00e4kerhetssektorn. Coronaviruset har p\u00e5 kort tid lamslagit den globala ekonomin och orsakat dramatiska b\u00f6rsfall. Aktier har s\u00e5lts \u00f6ver hela linjen, obeaktat skillnader i v\u00e4rderingsmultiplar. Det har gjort att aktier inom s\u00e4kerhetssektorn handlats ned till historiskt l\u00e5ga niv\u00e5er, samtidigt som rabatten p\u00e5 dessa s\u00e5 [&hellip;]<\/p>\n","protected":false},"author":2,"featured_media":0,"parent":0,"menu_order":0,"comment_status":"closed","ping_status":"closed","template":"elementor_canvas","meta":{"inline_featured_image":false,"footnotes":""},"class_list":["post-50743","page","type-page","status-publish","hentry"],"_links":{"self":[{"href":"https:\/\/globalsecurityfund.com\/en\/wp-json\/wp\/v2\/pages\/50743","targetHints":{"allow":["GET"]}}],"collection":[{"href":"https:\/\/globalsecurityfund.com\/en\/wp-json\/wp\/v2\/pages"}],"about":[{"href":"https:\/\/globalsecurityfund.com\/en\/wp-json\/wp\/v2\/types\/page"}],"author":[{"embeddable":true,"href":"https:\/\/globalsecurityfund.com\/en\/wp-json\/wp\/v2\/users\/2"}],"replies":[{"embeddable":true,"href":"https:\/\/globalsecurityfund.com\/en\/wp-json\/wp\/v2\/comments?post=50743"}],"version-history":[{"count":0,"href":"https:\/\/globalsecurityfund.com\/en\/wp-json\/wp\/v2\/pages\/50743\/revisions"}],"wp:attachment":[{"href":"https:\/\/globalsecurityfund.com\/en\/wp-json\/wp\/v2\/media?parent=50743"}],"curies":[{"name":"wp","href":"https:\/\/api.w.org\/{rel}","templated":true}]}}